{"id":149,"date":"2016-10-19T17:24:26","date_gmt":"2016-10-19T17:24:26","guid":{"rendered":"http:\/\/fitness3.mythemecloud.io\/?page_id=149"},"modified":"2022-03-21T15:31:28","modified_gmt":"2022-03-21T14:31:28","slug":"haiti-elu-a-nouveau-au-conseil-executif-de-lunesco","status":"publish","type":"page","link":"https:\/\/kreyo-culture.com\/?page_id=149","title":{"rendered":"D\u00e9couverte | Dekouv\u00e8t"},"content":{"rendered":"","protected":false},"excerpt":{"rendered":"","protected":false},"author":1,"featured_media":387,"parent":0,"menu_order":0,"comment_status":"closed","ping_status":"closed","template":"","meta":{"ocean_post_layout":"full-width","ocean_both_sidebars_style":"","ocean_both_sidebars_content_width":0,"ocean_both_sidebars_sidebars_width":0,"ocean_sidebar":"0","ocean_second_sidebar":"0","ocean_disable_margins":"enable","ocean_add_body_class":"","ocean_shortcode_before_top_bar":"","ocean_shortcode_after_top_bar":"","ocean_shortcode_before_header":"","ocean_shortcode_after_header":"","ocean_has_shortcode":"","ocean_shortcode_after_title":"","ocean_shortcode_before_footer_widgets":"","ocean_shortcode_after_footer_widgets":"","ocean_shortcode_before_footer_bottom":"","ocean_shortcode_after_footer_bottom":"","ocean_display_top_bar":"default","ocean_display_header":"default","ocean_header_style":"","ocean_center_header_left_menu":"0","ocean_custom_header_template":"0","ocean_custom_logo":0,"ocean_custom_retina_logo":0,"ocean_custom_logo_max_width":0,"ocean_custom_logo_tablet_max_width":0,"ocean_custom_logo_mobile_max_width":0,"ocean_custom_logo_max_height":0,"ocean_custom_logo_tablet_max_height":0,"ocean_custom_logo_mobile_max_height":0,"ocean_header_custom_menu":"0","ocean_menu_typo_font_family":"0","ocean_menu_typo_font_subset":"","ocean_menu_typo_font_size":0,"ocean_menu_typo_font_size_tablet":0,"ocean_menu_typo_font_size_mobile":0,"ocean_menu_typo_font_size_unit":"px","ocean_menu_typo_font_weight":"","ocean_menu_typo_font_weight_tablet":"","ocean_menu_typo_font_weight_mobile":"","ocean_menu_typo_transform":"","ocean_menu_typo_transform_tablet":"","ocean_menu_typo_transform_mobile":"","ocean_menu_typo_line_height":0,"ocean_menu_typo_line_height_tablet":0,"ocean_menu_typo_line_height_mobile":0,"ocean_menu_typo_line_height_unit":"","ocean_menu_typo_spacing":0,"ocean_menu_typo_spacing_tablet":0,"ocean_menu_typo_spacing_mobile":0,"ocean_menu_typo_spacing_unit":"","ocean_menu_link_color":"","ocean_menu_link_color_hover":"","ocean_menu_link_color_active":"","ocean_menu_link_background":"","ocean_menu_link_hover_background":"","ocean_menu_link_active_background":"","ocean_menu_social_links_bg":"","ocean_menu_social_hover_links_bg":"","ocean_menu_social_links_color":"","ocean_menu_social_hover_links_color":"","ocean_disable_title":"default","ocean_disable_heading":"default","ocean_post_title":"","ocean_post_subheading":"","ocean_post_title_style":"","ocean_post_title_background_color":"","ocean_post_title_background":0,"ocean_post_title_bg_image_position":"","ocean_post_title_bg_image_attachment":"","ocean_post_title_bg_image_repeat":"","ocean_post_title_bg_image_size":"","ocean_post_title_height":0,"ocean_post_title_bg_overlay":0.5,"ocean_post_title_bg_overlay_color":"","ocean_disable_breadcrumbs":"default","ocean_breadcrumbs_color":"#c1c1c1","ocean_breadcrumbs_separator_color":"","ocean_breadcrumbs_links_color":"","ocean_breadcrumbs_links_hover_color":"","ocean_display_footer_widgets":"default","ocean_display_footer_bottom":"default","ocean_custom_footer_template":"0","footnotes":""},"class_list":["post-149","page","type-page","status-publish","has-post-thumbnail","hentry","entry","has-media"],"yoast_head":"<!-- This site is optimized with the Yoast SEO plugin v27.5 - https:\/\/yoast.com\/product\/yoast-seo-wordpress\/ -->\n<title>D\u00e9couverte | Dekouv\u00e8t - Kreyo-culture %<\/title>\n<meta name=\"description\" content=\"Kreyo-culture est est espace d&#039;\u00e9changes et de partage sur le cr\u00e9ole ha\u00eftien et la culture ha\u00eftienne \u00e0 travers des contenus authentiques.\" \/>\n<meta name=\"robots\" content=\"index, follow, max-snippet:-1, max-image-preview:large, max-video-preview:-1\" \/>\n<link rel=\"canonical\" href=\"https:\/\/kreyo-culture.com\/?page_id=149\" \/>\n<meta property=\"og:locale\" content=\"fr_FR\" \/>\n<meta property=\"og:type\" content=\"article\" \/>\n<meta property=\"og:title\" content=\"D\u00e9couverte | Dekouv\u00e8t - Kreyo-culture %\" \/>\n<meta property=\"og:description\" content=\"Kreyo-culture est est espace d&#039;\u00e9changes et de partage sur le cr\u00e9ole ha\u00eftien et la culture ha\u00eftienne \u00e0 travers des contenus authentiques.\" \/>\n<meta property=\"og:url\" content=\"https:\/\/kreyo-culture.com\/?page_id=149\" \/>\n<meta property=\"og:site_name\" content=\"Kreyo-culture\" \/>\n<meta property=\"article:publisher\" content=\"https:\/\/ms-my.facebook.com\/watch\/Kreyoculture\/\" \/>\n<meta property=\"article:modified_time\" content=\"2022-03-21T14:31:28+00:00\" \/>\n<meta property=\"og:image\" content=\"https:\/\/kreyo-culture.com\/wp-content\/uploads\/2022\/02\/6.png\" \/>\n\t<meta property=\"og:image:width\" content=\"1920\" \/>\n\t<meta property=\"og:image:height\" content=\"1080\" \/>\n\t<meta property=\"og:image:type\" content=\"image\/png\" \/>\n<meta name=\"twitter:card\" content=\"summary_large_image\" \/>\n<script type=\"application\/ld+json\" class=\"yoast-schema-graph\">{\"@context\":\"https:\\\/\\\/schema.org\",\"@graph\":[{\"@type\":[\"WebPage\",\"CollectionPage\"],\"@id\":\"https:\\\/\\\/kreyo-culture.com\\\/?page_id=149\",\"url\":\"https:\\\/\\\/kreyo-culture.com\\\/?page_id=149\",\"name\":\"D\u00e9couverte | Dekouv\u00e8t - Kreyo-culture %\",\"isPartOf\":{\"@id\":\"https:\\\/\\\/kreyo-culture.com\\\/#website\"},\"primaryImageOfPage\":{\"@id\":\"https:\\\/\\\/kreyo-culture.com\\\/?page_id=149#primaryimage\"},\"image\":{\"@id\":\"https:\\\/\\\/kreyo-culture.com\\\/?page_id=149#primaryimage\"},\"thumbnailUrl\":\"https:\\\/\\\/kreyo-culture.com\\\/wp-content\\\/uploads\\\/2022\\\/02\\\/6.png\",\"datePublished\":\"2016-10-19T17:24:26+00:00\",\"dateModified\":\"2022-03-21T14:31:28+00:00\",\"description\":\"Kreyo-culture est est espace d'\u00e9changes et de partage sur le cr\u00e9ole ha\u00eftien et la culture ha\u00eftienne \u00e0 travers des contenus authentiques.\",\"breadcrumb\":{\"@id\":\"https:\\\/\\\/kreyo-culture.com\\\/?page_id=149#breadcrumb\"},\"inLanguage\":\"fr-FR\"},{\"@type\":\"ImageObject\",\"inLanguage\":\"fr-FR\",\"@id\":\"https:\\\/\\\/kreyo-culture.com\\\/?page_id=149#primaryimage\",\"url\":\"https:\\\/\\\/kreyo-culture.com\\\/wp-content\\\/uploads\\\/2022\\\/02\\\/6.png\",\"contentUrl\":\"https:\\\/\\\/kreyo-culture.com\\\/wp-content\\\/uploads\\\/2022\\\/02\\\/6.png\",\"width\":1920,\"height\":1080},{\"@type\":\"BreadcrumbList\",\"@id\":\"https:\\\/\\\/kreyo-culture.com\\\/?page_id=149#breadcrumb\",\"itemListElement\":[{\"@type\":\"ListItem\",\"position\":1,\"name\":\"Accueil\",\"item\":\"https:\\\/\\\/kreyo-culture.com\\\/\"},{\"@type\":\"ListItem\",\"position\":2,\"name\":\"D\u00e9couverte | Dekouv\u00e8t\"}]},{\"@type\":\"WebSite\",\"@id\":\"https:\\\/\\\/kreyo-culture.com\\\/#website\",\"url\":\"https:\\\/\\\/kreyo-culture.com\\\/\",\"name\":\"Kreyo-culture\",\"description\":\"La r\u00e9f\u00e9rence de la culture cr\u00e9ole d&#039;Ha\u00efti\",\"publisher\":{\"@id\":\"https:\\\/\\\/kreyo-culture.com\\\/#organization\"},\"potentialAction\":[{\"@type\":\"SearchAction\",\"target\":{\"@type\":\"EntryPoint\",\"urlTemplate\":\"https:\\\/\\\/kreyo-culture.com\\\/?s={search_term_string}\"},\"query-input\":{\"@type\":\"PropertyValueSpecification\",\"valueRequired\":true,\"valueName\":\"search_term_string\"}}],\"inLanguage\":\"fr-FR\"},{\"@type\":\"Organization\",\"@id\":\"https:\\\/\\\/kreyo-culture.com\\\/#organization\",\"name\":\"Kreyo-culture\",\"url\":\"https:\\\/\\\/kreyo-culture.com\\\/\",\"logo\":{\"@type\":\"ImageObject\",\"inLanguage\":\"fr-FR\",\"@id\":\"https:\\\/\\\/kreyo-culture.com\\\/#\\\/schema\\\/logo\\\/image\\\/\",\"url\":\"https:\\\/\\\/kreyo-culture.com\\\/wp-content\\\/uploads\\\/2022\\\/02\\\/Kreyo-Culture-Logo-Valide-1.png\",\"contentUrl\":\"https:\\\/\\\/kreyo-culture.com\\\/wp-content\\\/uploads\\\/2022\\\/02\\\/Kreyo-Culture-Logo-Valide-1.png\",\"width\":692,\"height\":692,\"caption\":\"Kreyo-culture\"},\"image\":{\"@id\":\"https:\\\/\\\/kreyo-culture.com\\\/#\\\/schema\\\/logo\\\/image\\\/\"},\"sameAs\":[\"https:\\\/\\\/ms-my.facebook.com\\\/watch\\\/Kreyoculture\\\/\",\"https:\\\/\\\/www.instagram.com\\\/kreyoculture.fr\\\/\"]}]}<\/script>\n<!-- \/ Yoast SEO plugin. -->","yoast_head_json":{"title":"D\u00e9couverte | Dekouv\u00e8t - Kreyo-culture %","description":"Kreyo-culture est est espace d'\u00e9changes et de partage sur le cr\u00e9ole ha\u00eftien et la culture ha\u00eftienne \u00e0 travers des contenus authentiques.","robots":{"index":"index","follow":"follow","max-snippet":"max-snippet:-1","max-image-preview":"max-image-preview:large","max-video-preview":"max-video-preview:-1"},"canonical":"https:\/\/kreyo-culture.com\/?page_id=149","og_locale":"fr_FR","og_type":"article","og_title":"D\u00e9couverte | Dekouv\u00e8t - Kreyo-culture %","og_description":"Kreyo-culture est est espace d'\u00e9changes et de partage sur le cr\u00e9ole ha\u00eftien et la culture ha\u00eftienne \u00e0 travers des contenus authentiques.","og_url":"https:\/\/kreyo-culture.com\/?page_id=149","og_site_name":"Kreyo-culture","article_publisher":"https:\/\/ms-my.facebook.com\/watch\/Kreyoculture\/","article_modified_time":"2022-03-21T14:31:28+00:00","og_image":[{"width":1920,"height":1080,"url":"https:\/\/kreyo-culture.com\/wp-content\/uploads\/2022\/02\/6.png","type":"image\/png"}],"twitter_card":"summary_large_image","schema":{"@context":"https:\/\/schema.org","@graph":[{"@type":["WebPage","CollectionPage"],"@id":"https:\/\/kreyo-culture.com\/?page_id=149","url":"https:\/\/kreyo-culture.com\/?page_id=149","name":"D\u00e9couverte | Dekouv\u00e8t - Kreyo-culture %","isPartOf":{"@id":"https:\/\/kreyo-culture.com\/#website"},"primaryImageOfPage":{"@id":"https:\/\/kreyo-culture.com\/?page_id=149#primaryimage"},"image":{"@id":"https:\/\/kreyo-culture.com\/?page_id=149#primaryimage"},"thumbnailUrl":"https:\/\/kreyo-culture.com\/wp-content\/uploads\/2022\/02\/6.png","datePublished":"2016-10-19T17:24:26+00:00","dateModified":"2022-03-21T14:31:28+00:00","description":"Kreyo-culture est est espace d'\u00e9changes et de partage sur le cr\u00e9ole ha\u00eftien et la culture ha\u00eftienne \u00e0 travers des contenus authentiques.","breadcrumb":{"@id":"https:\/\/kreyo-culture.com\/?page_id=149#breadcrumb"},"inLanguage":"fr-FR"},{"@type":"ImageObject","inLanguage":"fr-FR","@id":"https:\/\/kreyo-culture.com\/?page_id=149#primaryimage","url":"https:\/\/kreyo-culture.com\/wp-content\/uploads\/2022\/02\/6.png","contentUrl":"https:\/\/kreyo-culture.com\/wp-content\/uploads\/2022\/02\/6.png","width":1920,"height":1080},{"@type":"BreadcrumbList","@id":"https:\/\/kreyo-culture.com\/?page_id=149#breadcrumb","itemListElement":[{"@type":"ListItem","position":1,"name":"Accueil","item":"https:\/\/kreyo-culture.com\/"},{"@type":"ListItem","position":2,"name":"D\u00e9couverte | Dekouv\u00e8t"}]},{"@type":"WebSite","@id":"https:\/\/kreyo-culture.com\/#website","url":"https:\/\/kreyo-culture.com\/","name":"Kreyo-culture","description":"La r\u00e9f\u00e9rence de la culture cr\u00e9ole d&#039;Ha\u00efti","publisher":{"@id":"https:\/\/kreyo-culture.com\/#organization"},"potentialAction":[{"@type":"SearchAction","target":{"@type":"EntryPoint","urlTemplate":"https:\/\/kreyo-culture.com\/?s={search_term_string}"},"query-input":{"@type":"PropertyValueSpecification","valueRequired":true,"valueName":"search_term_string"}}],"inLanguage":"fr-FR"},{"@type":"Organization","@id":"https:\/\/kreyo-culture.com\/#organization","name":"Kreyo-culture","url":"https:\/\/kreyo-culture.com\/","logo":{"@type":"ImageObject","inLanguage":"fr-FR","@id":"https:\/\/kreyo-culture.com\/#\/schema\/logo\/image\/","url":"https:\/\/kreyo-culture.com\/wp-content\/uploads\/2022\/02\/Kreyo-Culture-Logo-Valide-1.png","contentUrl":"https:\/\/kreyo-culture.com\/wp-content\/uploads\/2022\/02\/Kreyo-Culture-Logo-Valide-1.png","width":692,"height":692,"caption":"Kreyo-culture"},"image":{"@id":"https:\/\/kreyo-culture.com\/#\/schema\/logo\/image\/"},"sameAs":["https:\/\/ms-my.facebook.com\/watch\/Kreyoculture\/","https:\/\/www.instagram.com\/kreyoculture.fr\/"]}]}},"_links":{"self":[{"href":"https:\/\/kreyo-culture.com\/index.php?rest_route=\/wp\/v2\/pages\/149","targetHints":{"allow":["GET"]}}],"collection":[{"href":"https:\/\/kreyo-culture.com\/index.php?rest_route=\/wp\/v2\/pages"}],"about":[{"href":"https:\/\/kreyo-culture.com\/index.php?rest_route=\/wp\/v2\/types\/page"}],"author":[{"embeddable":true,"href":"https:\/\/kreyo-culture.com\/index.php?rest_route=\/wp\/v2\/users\/1"}],"replies":[{"embeddable":true,"href":"https:\/\/kreyo-culture.com\/index.php?rest_route=%2Fwp%2Fv2%2Fcomments&post=149"}],"version-history":[{"count":2,"href":"https:\/\/kreyo-culture.com\/index.php?rest_route=\/wp\/v2\/pages\/149\/revisions"}],"predecessor-version":[{"id":457,"href":"https:\/\/kreyo-culture.com\/index.php?rest_route=\/wp\/v2\/pages\/149\/revisions\/457"}],"wp:featuredmedia":[{"embeddable":true,"href":"https:\/\/kreyo-culture.com\/index.php?rest_route=\/wp\/v2\/media\/387"}],"wp:attachment":[{"href":"https:\/\/kreyo-culture.com\/index.php?rest_route=%2Fwp%2Fv2%2Fmedia&parent=149"}],"curies":[{"name":"wp","href":"https:\/\/api.w.org\/{rel}","templated":true}]}}