{"id":2,"date":"2022-02-08T10:22:18","date_gmt":"2022-02-08T09:22:18","guid":{"rendered":"https:\/\/kreyo-culture.com\/?page_id=2"},"modified":"2022-03-24T10:19:35","modified_gmt":"2022-03-24T09:19:35","slug":"qui-suis-je","status":"publish","type":"page","link":"https:\/\/kreyo-culture.com\/?page_id=2","title":{"rendered":"Qui sommes-nous ?"},"content":{"rendered":"\r\n<div class=\"oceanwp-about-me-avatar clr\">\r\n<h2>\u00a0<\/h2>\r\n<h2 class=\"oceanwp-about-me-name\"><span style=\"font-size: 16px;\">Salut, <\/span><\/h2>\r\n<h2 class=\"oceanwp-about-me-name\"><span style=\"font-size: 16px;\">Tu te poses sans doute la question : \u201c <em>Qui est derri\u00e8re ce projet ?<\/em> \u201d Bah, nous avons tous et toutes en nous le d\u00e9sir de communiquer et de partager quelque chose capable de faire vivre notre entourage, une communaut\u00e9 voire le monde entier. Cependant, nous n\u2019avons pas toujours les moyens.<\/span><\/h2>\r\n<\/div>\r\n<div>\u00a0<\/div>\r\n<div class=\"oceanwp-about-me-text clr\"><strong>Certains seraient int\u00e9ress\u00e9s, mais pensent parfois aux retomb\u00e9es notamment, \u00e0 l\u2019absence de reconnaissance, d\u2019impact, de retour p\u00e9cuniaire\u2026 D\u2019autres ont envie, mais le temps, les outils n\u00e9cessaires leur manquent. dans ce cas l\u00e0, c\u2019est s\u00fbr que tu as au moins le d\u00e9sir de retrouver au moins un espace d\u2019\u00e9change o\u00f9 tu vois r\u00e9aliser ce d\u00e9sir. Certaines de ces raisons plut\u00f4t d\u2019int\u00e9r\u00eats personnels ne viennent pas de vous, en r\u00e9alit\u00e9. C\u2019est parce qu\u2019on vous a dit qu\u2019il fallait, n\u00e9cessairement, penser comme \u00e7a pour avancer<\/strong> (id\u00e9e re\u00e7ue !)<strong>. Comme quoi : c\u2019est le<em> give and take<\/em> (<em>ban m, m\u2019ap ba w, en fran\u00e7ais : donnant-donnant<\/em>). On pourrait tous.tes penser comme \u00e7a. Cependant, on sait qu\u2019en m\u00eame temps, l\u2019argent ne fait pas le bonheur, mais il peut y contribuer dans le vivre ensemble. Moi aussi, j\u2019ai en moi un d\u00e9sir parmi tant d\u2019autres : partager plein de choses sur le cr\u00e9ole et la culture d\u2019Ha\u00efti.<\/strong><\/div>\r\n<div>\u00a0<\/div>\r\n<div class=\"oceanwp-about-me-text clr\"><strong>Pourquoi? Parce que les besoins sont l\u00e0. Beaucoup de personnes d\u2019origine ha\u00eftiennes et des amis.es d\u2019Ha\u00efti cherchent en vain des contenus authentiques et de qualit\u00e9. Un espace d\u2019\u00e9changes et de partages a \u00e9t\u00e9 cr\u00e9\u00e9 sur le web : <em>Kreyo-culture<\/em>. Suite \u00e0 mon parcours universitaire en la sociolinguistique, la didactique des langues et des cultures et une formation en Community Manager, j\u2019ai d\u00e9cid\u00e9 de me lancer dans la cr\u00e9ation de contenus en ligne sur le cr\u00e9ole ha\u00eftien et la culture ha\u00eftienne.<\/strong><\/div>\r\n<div>\u00a0<\/div>\r\n<div class=\"oceanwp-about-me-text clr\"><strong>C\u2019est un grand projet qui n\u00e9cessite beaucoup d\u2019investissement. Je ne sais pas pour toi, mais moi, je suis motiv\u00e9 \u00e0 faire vivre la communaut\u00e9 en ligne <em>Kreyo-culture<\/em> et \u00e0 \u00eatre disponible pour participer \u00e0 son \u00e9panouissement. Il me semble que j\u2019ai besoin de toi pour propulser ce projet de diversit\u00e9 linguistique et culturelle pour Ha\u00efti et pour le monde. la recherche de ses racines, la connaissance de l\u2019autre, l\u2019interculturel constitue l\u2019un des leviers pour favoriser le savoir vivre.<\/strong><\/div>\r\n<div>\u00a0<\/div>\r\n<div class=\"oceanwp-about-me-text clr\"><strong>N\u2019h\u00e9sites pas \u00e0 venir grossir la communaut\u00e9 <em>Kreyo-culture<\/em>, car il faut \u00eatre \u00e0 plusieurs pour partager. Partons donc <em>\u00e0 la d\u00e9couverte du cr\u00e9ole ha\u00eftien et de la culture ha\u00eftienne<\/em>. An ale ! On y va !<\/strong><\/div>\r\n<div>\u00a0<\/div>\r\n<div>Bartholy PIERRE LOUIS\u00a0<\/div>\r\n","protected":false},"excerpt":{"rendered":"<p>\u00a0 Salut, Tu te poses sans doute la question : \u201c Qui est derri\u00e8re ce projet ? \u201d Bah, nous avons tous et toutes en nous le d\u00e9sir de communiquer et de partager quelque chose capable de faire vivre notre entourage, une communaut\u00e9 voire le monde entier. Cependant, nous n\u2019avons pas toujours les moyens. \u00a0 [&hellip;]<\/p>\n","protected":false},"author":1,"featured_media":486,"parent":0,"menu_order":0,"comment_status":"closed","ping_status":"open","template":"","meta":{"ocean_post_layout":"both-sidebars","ocean_both_sidebars_style":"scs-style","ocean_both_sidebars_content_width":0,"ocean_both_sidebars_sidebars_width":0,"ocean_sidebar":"0","ocean_second_sidebar":"0","ocean_disable_margins":"enable","ocean_add_body_class":"","ocean_shortcode_before_top_bar":"","ocean_shortcode_after_top_bar":"","ocean_shortcode_before_header":"","ocean_shortcode_after_header":"","ocean_has_shortcode":"","ocean_shortcode_after_title":"","ocean_shortcode_before_footer_widgets":"","ocean_shortcode_after_footer_widgets":"","ocean_shortcode_before_footer_bottom":"","ocean_shortcode_after_footer_bottom":"","ocean_display_top_bar":"default","ocean_display_header":"default","ocean_header_style":"","ocean_center_header_left_menu":"0","ocean_custom_header_template":"0","ocean_custom_logo":0,"ocean_custom_retina_logo":0,"ocean_custom_logo_max_width":0,"ocean_custom_logo_tablet_max_width":0,"ocean_custom_logo_mobile_max_width":0,"ocean_custom_logo_max_height":0,"ocean_custom_logo_tablet_max_height":0,"ocean_custom_logo_mobile_max_height":0,"ocean_header_custom_menu":"0","ocean_menu_typo_font_family":"0","ocean_menu_typo_font_subset":"","ocean_menu_typo_font_size":0,"ocean_menu_typo_font_size_tablet":0,"ocean_menu_typo_font_size_mobile":0,"ocean_menu_typo_font_size_unit":"px","ocean_menu_typo_font_weight":"","ocean_menu_typo_font_weight_tablet":"","ocean_menu_typo_font_weight_mobile":"","ocean_menu_typo_transform":"","ocean_menu_typo_transform_tablet":"","ocean_menu_typo_transform_mobile":"","ocean_menu_typo_line_height":0,"ocean_menu_typo_line_height_tablet":0,"ocean_menu_typo_line_height_mobile":0,"ocean_menu_typo_line_height_unit":"","ocean_menu_typo_spacing":0,"ocean_menu_typo_spacing_tablet":0,"ocean_menu_typo_spacing_mobile":0,"ocean_menu_typo_spacing_unit":"","ocean_menu_link_color":"","ocean_menu_link_color_hover":"","ocean_menu_link_color_active":"","ocean_menu_link_background":"","ocean_menu_link_hover_background":"","ocean_menu_link_active_background":"","ocean_menu_social_links_bg":"","ocean_menu_social_hover_links_bg":"","ocean_menu_social_links_color":"","ocean_menu_social_hover_links_color":"","ocean_disable_title":"default","ocean_disable_heading":"default","ocean_post_title":"","ocean_post_subheading":"","ocean_post_title_style":"","ocean_post_title_background_color":"","ocean_post_title_background":0,"ocean_post_title_bg_image_position":"","ocean_post_title_bg_image_attachment":"","ocean_post_title_bg_image_repeat":"","ocean_post_title_bg_image_size":"","ocean_post_title_height":0,"ocean_post_title_bg_overlay":0.5,"ocean_post_title_bg_overlay_color":"","ocean_disable_breadcrumbs":"default","ocean_breadcrumbs_color":"","ocean_breadcrumbs_separator_color":"","ocean_breadcrumbs_links_color":"","ocean_breadcrumbs_links_hover_color":"","ocean_display_footer_widgets":"default","ocean_display_footer_bottom":"default","ocean_custom_footer_template":"0","footnotes":""},"class_list":["post-2","page","type-page","status-publish","has-post-thumbnail","hentry","entry","has-media"],"yoast_head":"<!-- This site is optimized with the Yoast SEO plugin v27.5 - https:\/\/yoast.com\/product\/yoast-seo-wordpress\/ -->\n<title>Qui sommes-nous ? - Kreyo-culture<\/title>\n<meta name=\"description\" content=\"Salut, Tu te poses sans doute la question : \u201c Qui est derri\u00e8re ce projet ? \u201d Bah, nous avons tous et toutes en nous le d\u00e9sir de partager.\" \/>\n<meta name=\"robots\" content=\"index, follow, max-snippet:-1, max-image-preview:large, max-video-preview:-1\" \/>\n<link rel=\"canonical\" href=\"https:\/\/kreyo-culture.com\/?page_id=2\" \/>\n<meta property=\"og:locale\" content=\"fr_FR\" \/>\n<meta property=\"og:type\" content=\"article\" \/>\n<meta property=\"og:title\" content=\"Qui sommes-nous ? - Kreyo-culture\" \/>\n<meta property=\"og:description\" content=\"Salut, Tu te poses sans doute la question : \u201c Qui est derri\u00e8re ce projet ? \u201d Bah, nous avons tous et toutes en nous le d\u00e9sir de partager.\" \/>\n<meta property=\"og:url\" content=\"https:\/\/kreyo-culture.com\/?page_id=2\" \/>\n<meta property=\"og:site_name\" content=\"Kreyo-culture\" \/>\n<meta property=\"article:publisher\" content=\"https:\/\/ms-my.facebook.com\/watch\/Kreyoculture\/\" \/>\n<meta property=\"article:modified_time\" content=\"2022-03-24T09:19:35+00:00\" \/>\n<meta property=\"og:image\" content=\"https:\/\/kreyo-culture.com\/wp-content\/uploads\/2022\/03\/Photo-pour-storytelling.jpg\" \/>\n\t<meta property=\"og:image:width\" content=\"793\" \/>\n\t<meta property=\"og:image:height\" content=\"960\" \/>\n\t<meta property=\"og:image:type\" content=\"image\/jpeg\" \/>\n<meta name=\"twitter:card\" content=\"summary_large_image\" \/>\n<meta name=\"twitter:label1\" content=\"Dur\u00e9e de lecture estim\u00e9e\" \/>\n\t<meta name=\"twitter:data1\" content=\"2 minutes\" \/>\n<script type=\"application\/ld+json\" class=\"yoast-schema-graph\">{\"@context\":\"https:\\\/\\\/schema.org\",\"@graph\":[{\"@type\":\"WebPage\",\"@id\":\"https:\\\/\\\/kreyo-culture.com\\\/?page_id=2\",\"url\":\"https:\\\/\\\/kreyo-culture.com\\\/?page_id=2\",\"name\":\"Qui sommes-nous ? - Kreyo-culture\",\"isPartOf\":{\"@id\":\"https:\\\/\\\/kreyo-culture.com\\\/#website\"},\"primaryImageOfPage\":{\"@id\":\"https:\\\/\\\/kreyo-culture.com\\\/?page_id=2#primaryimage\"},\"image\":{\"@id\":\"https:\\\/\\\/kreyo-culture.com\\\/?page_id=2#primaryimage\"},\"thumbnailUrl\":\"https:\\\/\\\/kreyo-culture.com\\\/wp-content\\\/uploads\\\/2022\\\/03\\\/Photo-pour-storytelling.jpg\",\"datePublished\":\"2022-02-08T09:22:18+00:00\",\"dateModified\":\"2022-03-24T09:19:35+00:00\",\"description\":\"Salut, Tu te poses sans doute la question : \u201c Qui est derri\u00e8re ce projet ? \u201d Bah, nous avons tous et toutes en nous le d\u00e9sir de partager.\",\"breadcrumb\":{\"@id\":\"https:\\\/\\\/kreyo-culture.com\\\/?page_id=2#breadcrumb\"},\"inLanguage\":\"fr-FR\",\"potentialAction\":[{\"@type\":\"ReadAction\",\"target\":[\"https:\\\/\\\/kreyo-culture.com\\\/?page_id=2\"]}]},{\"@type\":\"ImageObject\",\"inLanguage\":\"fr-FR\",\"@id\":\"https:\\\/\\\/kreyo-culture.com\\\/?page_id=2#primaryimage\",\"url\":\"https:\\\/\\\/kreyo-culture.com\\\/wp-content\\\/uploads\\\/2022\\\/03\\\/Photo-pour-storytelling.jpg\",\"contentUrl\":\"https:\\\/\\\/kreyo-culture.com\\\/wp-content\\\/uploads\\\/2022\\\/03\\\/Photo-pour-storytelling.jpg\",\"width\":793,\"height\":960},{\"@type\":\"BreadcrumbList\",\"@id\":\"https:\\\/\\\/kreyo-culture.com\\\/?page_id=2#breadcrumb\",\"itemListElement\":[{\"@type\":\"ListItem\",\"position\":1,\"name\":\"Accueil\",\"item\":\"https:\\\/\\\/kreyo-culture.com\\\/\"},{\"@type\":\"ListItem\",\"position\":2,\"name\":\"Qui sommes-nous ?\"}]},{\"@type\":\"WebSite\",\"@id\":\"https:\\\/\\\/kreyo-culture.com\\\/#website\",\"url\":\"https:\\\/\\\/kreyo-culture.com\\\/\",\"name\":\"Kreyo-culture\",\"description\":\"La r\u00e9f\u00e9rence de la culture cr\u00e9ole d&#039;Ha\u00efti\",\"publisher\":{\"@id\":\"https:\\\/\\\/kreyo-culture.com\\\/#organization\"},\"potentialAction\":[{\"@type\":\"SearchAction\",\"target\":{\"@type\":\"EntryPoint\",\"urlTemplate\":\"https:\\\/\\\/kreyo-culture.com\\\/?s={search_term_string}\"},\"query-input\":{\"@type\":\"PropertyValueSpecification\",\"valueRequired\":true,\"valueName\":\"search_term_string\"}}],\"inLanguage\":\"fr-FR\"},{\"@type\":\"Organization\",\"@id\":\"https:\\\/\\\/kreyo-culture.com\\\/#organization\",\"name\":\"Kreyo-culture\",\"url\":\"https:\\\/\\\/kreyo-culture.com\\\/\",\"logo\":{\"@type\":\"ImageObject\",\"inLanguage\":\"fr-FR\",\"@id\":\"https:\\\/\\\/kreyo-culture.com\\\/#\\\/schema\\\/logo\\\/image\\\/\",\"url\":\"https:\\\/\\\/kreyo-culture.com\\\/wp-content\\\/uploads\\\/2022\\\/02\\\/Kreyo-Culture-Logo-Valide-1.png\",\"contentUrl\":\"https:\\\/\\\/kreyo-culture.com\\\/wp-content\\\/uploads\\\/2022\\\/02\\\/Kreyo-Culture-Logo-Valide-1.png\",\"width\":692,\"height\":692,\"caption\":\"Kreyo-culture\"},\"image\":{\"@id\":\"https:\\\/\\\/kreyo-culture.com\\\/#\\\/schema\\\/logo\\\/image\\\/\"},\"sameAs\":[\"https:\\\/\\\/ms-my.facebook.com\\\/watch\\\/Kreyoculture\\\/\",\"https:\\\/\\\/www.instagram.com\\\/kreyoculture.fr\\\/\"]}]}<\/script>\n<!-- \/ Yoast SEO plugin. -->","yoast_head_json":{"title":"Qui sommes-nous ? - Kreyo-culture","description":"Salut, Tu te poses sans doute la question : \u201c Qui est derri\u00e8re ce projet ? \u201d Bah, nous avons tous et toutes en nous le d\u00e9sir de partager.","robots":{"index":"index","follow":"follow","max-snippet":"max-snippet:-1","max-image-preview":"max-image-preview:large","max-video-preview":"max-video-preview:-1"},"canonical":"https:\/\/kreyo-culture.com\/?page_id=2","og_locale":"fr_FR","og_type":"article","og_title":"Qui sommes-nous ? - Kreyo-culture","og_description":"Salut, Tu te poses sans doute la question : \u201c Qui est derri\u00e8re ce projet ? \u201d Bah, nous avons tous et toutes en nous le d\u00e9sir de partager.","og_url":"https:\/\/kreyo-culture.com\/?page_id=2","og_site_name":"Kreyo-culture","article_publisher":"https:\/\/ms-my.facebook.com\/watch\/Kreyoculture\/","article_modified_time":"2022-03-24T09:19:35+00:00","og_image":[{"width":793,"height":960,"url":"https:\/\/kreyo-culture.com\/wp-content\/uploads\/2022\/03\/Photo-pour-storytelling.jpg","type":"image\/jpeg"}],"twitter_card":"summary_large_image","twitter_misc":{"Dur\u00e9e de lecture estim\u00e9e":"2 minutes"},"schema":{"@context":"https:\/\/schema.org","@graph":[{"@type":"WebPage","@id":"https:\/\/kreyo-culture.com\/?page_id=2","url":"https:\/\/kreyo-culture.com\/?page_id=2","name":"Qui sommes-nous ? - Kreyo-culture","isPartOf":{"@id":"https:\/\/kreyo-culture.com\/#website"},"primaryImageOfPage":{"@id":"https:\/\/kreyo-culture.com\/?page_id=2#primaryimage"},"image":{"@id":"https:\/\/kreyo-culture.com\/?page_id=2#primaryimage"},"thumbnailUrl":"https:\/\/kreyo-culture.com\/wp-content\/uploads\/2022\/03\/Photo-pour-storytelling.jpg","datePublished":"2022-02-08T09:22:18+00:00","dateModified":"2022-03-24T09:19:35+00:00","description":"Salut, Tu te poses sans doute la question : \u201c Qui est derri\u00e8re ce projet ? \u201d Bah, nous avons tous et toutes en nous le d\u00e9sir de partager.","breadcrumb":{"@id":"https:\/\/kreyo-culture.com\/?page_id=2#breadcrumb"},"inLanguage":"fr-FR","potentialAction":[{"@type":"ReadAction","target":["https:\/\/kreyo-culture.com\/?page_id=2"]}]},{"@type":"ImageObject","inLanguage":"fr-FR","@id":"https:\/\/kreyo-culture.com\/?page_id=2#primaryimage","url":"https:\/\/kreyo-culture.com\/wp-content\/uploads\/2022\/03\/Photo-pour-storytelling.jpg","contentUrl":"https:\/\/kreyo-culture.com\/wp-content\/uploads\/2022\/03\/Photo-pour-storytelling.jpg","width":793,"height":960},{"@type":"BreadcrumbList","@id":"https:\/\/kreyo-culture.com\/?page_id=2#breadcrumb","itemListElement":[{"@type":"ListItem","position":1,"name":"Accueil","item":"https:\/\/kreyo-culture.com\/"},{"@type":"ListItem","position":2,"name":"Qui sommes-nous ?"}]},{"@type":"WebSite","@id":"https:\/\/kreyo-culture.com\/#website","url":"https:\/\/kreyo-culture.com\/","name":"Kreyo-culture","description":"La r\u00e9f\u00e9rence de la culture cr\u00e9ole d&#039;Ha\u00efti","publisher":{"@id":"https:\/\/kreyo-culture.com\/#organization"},"potentialAction":[{"@type":"SearchAction","target":{"@type":"EntryPoint","urlTemplate":"https:\/\/kreyo-culture.com\/?s={search_term_string}"},"query-input":{"@type":"PropertyValueSpecification","valueRequired":true,"valueName":"search_term_string"}}],"inLanguage":"fr-FR"},{"@type":"Organization","@id":"https:\/\/kreyo-culture.com\/#organization","name":"Kreyo-culture","url":"https:\/\/kreyo-culture.com\/","logo":{"@type":"ImageObject","inLanguage":"fr-FR","@id":"https:\/\/kreyo-culture.com\/#\/schema\/logo\/image\/","url":"https:\/\/kreyo-culture.com\/wp-content\/uploads\/2022\/02\/Kreyo-Culture-Logo-Valide-1.png","contentUrl":"https:\/\/kreyo-culture.com\/wp-content\/uploads\/2022\/02\/Kreyo-Culture-Logo-Valide-1.png","width":692,"height":692,"caption":"Kreyo-culture"},"image":{"@id":"https:\/\/kreyo-culture.com\/#\/schema\/logo\/image\/"},"sameAs":["https:\/\/ms-my.facebook.com\/watch\/Kreyoculture\/","https:\/\/www.instagram.com\/kreyoculture.fr\/"]}]}},"_links":{"self":[{"href":"https:\/\/kreyo-culture.com\/index.php?rest_route=\/wp\/v2\/pages\/2","targetHints":{"allow":["GET"]}}],"collection":[{"href":"https:\/\/kreyo-culture.com\/index.php?rest_route=\/wp\/v2\/pages"}],"about":[{"href":"https:\/\/kreyo-culture.com\/index.php?rest_route=\/wp\/v2\/types\/page"}],"author":[{"embeddable":true,"href":"https:\/\/kreyo-culture.com\/index.php?rest_route=\/wp\/v2\/users\/1"}],"replies":[{"embeddable":true,"href":"https:\/\/kreyo-culture.com\/index.php?rest_route=%2Fwp%2Fv2%2Fcomments&post=2"}],"version-history":[{"count":10,"href":"https:\/\/kreyo-culture.com\/index.php?rest_route=\/wp\/v2\/pages\/2\/revisions"}],"predecessor-version":[{"id":482,"href":"https:\/\/kreyo-culture.com\/index.php?rest_route=\/wp\/v2\/pages\/2\/revisions\/482"}],"wp:featuredmedia":[{"embeddable":true,"href":"https:\/\/kreyo-culture.com\/index.php?rest_route=\/wp\/v2\/media\/486"}],"wp:attachment":[{"href":"https:\/\/kreyo-culture.com\/index.php?rest_route=%2Fwp%2Fv2%2Fmedia&parent=2"}],"curies":[{"name":"wp","href":"https:\/\/api.w.org\/{rel}","templated":true}]}}