{"id":250,"date":"2018-09-05T17:25:25","date_gmt":"2018-09-05T17:25:25","guid":{"rendered":"https:\/\/coach.oceanwp.org\/wpforms-preview\/"},"modified":"2022-02-08T10:51:16","modified_gmt":"2022-02-08T09:51:16","slug":"wpforms-preview","status":"publish","type":"page","link":"https:\/\/kreyo-culture.com\/?page_id=250","title":{"rendered":"Contact"},"content":{"rendered":"<p>This is the WPForms preview page. All your form previews will be handled on this page.<\/p>\n<p>The page is set to private, so it is not publicly accessible. Please do not delete this page \ud83d\ude42 .<\/p>\n<div class=\"wpforms-container wpforms-container-full\" id=\"wpforms-270\"><form id=\"wpforms-form-270\" class=\"wpforms-validate wpforms-form wpforms-ajax-form\" data-formid=\"270\" method=\"post\" enctype=\"multipart\/form-data\" action=\"\/index.php?rest_route=%2Fwp%2Fv2%2Fpages%2F250\" data-token=\"9bf47a9500bc7d3b22b9f2b0bc1f0dd0\" data-token-time=\"1777565707\"><div class=\"wpforms-head-container\"><div class=\"wpforms-title\">Simple Contact Form<\/div><\/div><noscript class=\"wpforms-error-noscript\">Veuillez activer JavaScript dans votre navigateur pour remplir ce formulaire.<\/noscript><div class=\"wpforms-field-container\"><div id=\"wpforms-270-field_0-container\" class=\"wpforms-field wpforms-field-name\" data-field-id=\"0\"><label class=\"wpforms-field-label\">Nom \/ Pr\u00e9nom <span class=\"wpforms-required-label\">*<\/span><\/label><div class=\"wpforms-field-row wpforms-field-medium\"><div class=\"wpforms-field-row-block wpforms-first wpforms-one-half\"><input type=\"text\" id=\"wpforms-270-field_0\" class=\"wpforms-field-name-first wpforms-field-required\" name=\"wpforms[fields][0][first]\" required><label for=\"wpforms-270-field_0\" class=\"wpforms-field-sublabel after\">Pr\u00e9nom<\/label><\/div><div class=\"wpforms-field-row-block wpforms-one-half\"><input type=\"text\" id=\"wpforms-270-field_0-last\" class=\"wpforms-field-name-last wpforms-field-required\" name=\"wpforms[fields][0][last]\" required><label for=\"wpforms-270-field_0-last\" class=\"wpforms-field-sublabel after\">Nom<\/label><\/div><\/div><\/div><div id=\"wpforms-270-field_1-container\" class=\"wpforms-field wpforms-field-email\" data-field-id=\"1\"><label class=\"wpforms-field-label\" for=\"wpforms-270-field_1\">Email <span class=\"wpforms-required-label\">*<\/span><\/label><input type=\"email\" id=\"wpforms-270-field_1\" class=\"wpforms-field-medium wpforms-field-required\" name=\"wpforms[fields][1]\" spellcheck=\"false\" required><\/div><div id=\"wpforms-270-field_2-container\" class=\"wpforms-field wpforms-field-textarea\" data-field-id=\"2\"><label class=\"wpforms-field-label\" for=\"wpforms-270-field_2\">Commentaire ou message <span class=\"wpforms-required-label\">*<\/span><\/label><textarea id=\"wpforms-270-field_2\" class=\"wpforms-field-medium wpforms-field-required\" name=\"wpforms[fields][2]\" required><\/textarea><\/div><\/div><!-- .wpforms-field-container --><div class=\"wpforms-submit-container\" ><input type=\"hidden\" name=\"wpforms[id]\" value=\"270\"><input type=\"hidden\" name=\"page_title\" value=\"\"><input type=\"hidden\" name=\"page_url\" value=\"https:\/\/kreyo-culture.com\/index.php?rest_route=\/wp\/v2\/pages\/250\"><input type=\"hidden\" name=\"url_referer\" value=\"\"><button type=\"submit\" name=\"wpforms[submit]\" id=\"wpforms-submit-270\" class=\"wpforms-submit\" data-alt-text=\"Sending...\" data-submit-text=\"Submit\" aria-live=\"assertive\" value=\"wpforms-submit\">Submit<\/button><img decoding=\"async\" src=\"https:\/\/kreyo-culture.com\/wp-content\/plugins\/wpforms-lite\/assets\/images\/submit-spin.svg\" class=\"wpforms-submit-spinner\" style=\"display: none;\" width=\"26\" height=\"26\" alt=\"Chargement en cours\"><\/div><\/form><\/div>  <!-- .wpforms-container -->\n","protected":false},"excerpt":{"rendered":"<p>This is the WPForms preview page. All your form previews will be handled on this page. The page is set to private, so it is not publicly accessible. Please do not delete this page \ud83d\ude42 .<\/p>\n","protected":false},"author":1,"featured_media":0,"parent":0,"menu_order":0,"comment_status":"closed","ping_status":"closed","template":"","meta":{"ocean_post_layout":"","ocean_both_sidebars_style":"","ocean_both_sidebars_content_width":0,"ocean_both_sidebars_sidebars_width":0,"ocean_sidebar":"0","ocean_second_sidebar":"0","ocean_disable_margins":"enable","ocean_add_body_class":"","ocean_shortcode_before_top_bar":"","ocean_shortcode_after_top_bar":"","ocean_shortcode_before_header":"","ocean_shortcode_after_header":"","ocean_has_shortcode":"","ocean_shortcode_after_title":"","ocean_shortcode_before_footer_widgets":"","ocean_shortcode_after_footer_widgets":"","ocean_shortcode_before_footer_bottom":"","ocean_shortcode_after_footer_bottom":"","ocean_display_top_bar":"default","ocean_display_header":"default","ocean_header_style":"","ocean_center_header_left_menu":"0","ocean_custom_header_template":"0","ocean_custom_logo":0,"ocean_custom_retina_logo":0,"ocean_custom_logo_max_width":0,"ocean_custom_logo_tablet_max_width":0,"ocean_custom_logo_mobile_max_width":0,"ocean_custom_logo_max_height":0,"ocean_custom_logo_tablet_max_height":0,"ocean_custom_logo_mobile_max_height":0,"ocean_header_custom_menu":"0","ocean_menu_typo_font_family":"0","ocean_menu_typo_font_subset":"","ocean_menu_typo_font_size":0,"ocean_menu_typo_font_size_tablet":0,"ocean_menu_typo_font_size_mobile":0,"ocean_menu_typo_font_size_unit":"px","ocean_menu_typo_font_weight":"","ocean_menu_typo_font_weight_tablet":"","ocean_menu_typo_font_weight_mobile":"","ocean_menu_typo_transform":"","ocean_menu_typo_transform_tablet":"","ocean_menu_typo_transform_mobile":"","ocean_menu_typo_line_height":0,"ocean_menu_typo_line_height_tablet":0,"ocean_menu_typo_line_height_mobile":0,"ocean_menu_typo_line_height_unit":"","ocean_menu_typo_spacing":0,"ocean_menu_typo_spacing_tablet":0,"ocean_menu_typo_spacing_mobile":0,"ocean_menu_typo_spacing_unit":"","ocean_menu_link_color":"","ocean_menu_link_color_hover":"","ocean_menu_link_color_active":"","ocean_menu_link_background":"","ocean_menu_link_hover_background":"","ocean_menu_link_active_background":"","ocean_menu_social_links_bg":"","ocean_menu_social_hover_links_bg":"","ocean_menu_social_links_color":"","ocean_menu_social_hover_links_color":"","ocean_disable_title":"default","ocean_disable_heading":"default","ocean_post_title":"","ocean_post_subheading":"","ocean_post_title_style":"","ocean_post_title_background_color":"","ocean_post_title_background":0,"ocean_post_title_bg_image_position":"","ocean_post_title_bg_image_attachment":"","ocean_post_title_bg_image_repeat":"","ocean_post_title_bg_image_size":"","ocean_post_title_height":0,"ocean_post_title_bg_overlay":0.5,"ocean_post_title_bg_overlay_color":"","ocean_disable_breadcrumbs":"default","ocean_breadcrumbs_color":"","ocean_breadcrumbs_separator_color":"","ocean_breadcrumbs_links_color":"","ocean_breadcrumbs_links_hover_color":"","ocean_display_footer_widgets":"default","ocean_display_footer_bottom":"default","ocean_custom_footer_template":"0","footnotes":""},"class_list":["post-250","page","type-page","status-publish","hentry","entry"],"yoast_head":"<!-- This site is optimized with the Yoast SEO plugin v27.5 - https:\/\/yoast.com\/product\/yoast-seo-wordpress\/ -->\n<title>Contact - Kreyo-culture<\/title>\n<meta name=\"robots\" content=\"index, follow, max-snippet:-1, max-image-preview:large, max-video-preview:-1\" \/>\n<link rel=\"canonical\" href=\"https:\/\/kreyo-culture.com\/?page_id=250\" \/>\n<meta property=\"og:locale\" content=\"fr_FR\" \/>\n<meta property=\"og:type\" content=\"article\" \/>\n<meta property=\"og:title\" content=\"Contact - Kreyo-culture\" \/>\n<meta property=\"og:description\" content=\"This is the WPForms preview page. All your form previews will be handled on this page. The page is set to private, so it is not publicly accessible. Please do not delete this page \ud83d\ude42 .\" \/>\n<meta property=\"og:url\" content=\"https:\/\/kreyo-culture.com\/?page_id=250\" \/>\n<meta property=\"og:site_name\" content=\"Kreyo-culture\" \/>\n<meta property=\"article:publisher\" content=\"https:\/\/ms-my.facebook.com\/watch\/Kreyoculture\/\" \/>\n<meta property=\"article:modified_time\" content=\"2022-02-08T09:51:16+00:00\" \/>\n<meta name=\"twitter:card\" content=\"summary_large_image\" \/>\n<script type=\"application\/ld+json\" class=\"yoast-schema-graph\">{\"@context\":\"https:\\\/\\\/schema.org\",\"@graph\":[{\"@type\":\"WebPage\",\"@id\":\"https:\\\/\\\/kreyo-culture.com\\\/?page_id=250\",\"url\":\"https:\\\/\\\/kreyo-culture.com\\\/?page_id=250\",\"name\":\"Contact - Kreyo-culture\",\"isPartOf\":{\"@id\":\"https:\\\/\\\/kreyo-culture.com\\\/#website\"},\"datePublished\":\"2018-09-05T17:25:25+00:00\",\"dateModified\":\"2022-02-08T09:51:16+00:00\",\"breadcrumb\":{\"@id\":\"https:\\\/\\\/kreyo-culture.com\\\/?page_id=250#breadcrumb\"},\"inLanguage\":\"fr-FR\",\"potentialAction\":[{\"@type\":\"ReadAction\",\"target\":[\"https:\\\/\\\/kreyo-culture.com\\\/?page_id=250\"]}]},{\"@type\":\"BreadcrumbList\",\"@id\":\"https:\\\/\\\/kreyo-culture.com\\\/?page_id=250#breadcrumb\",\"itemListElement\":[{\"@type\":\"ListItem\",\"position\":1,\"name\":\"Accueil\",\"item\":\"https:\\\/\\\/kreyo-culture.com\\\/\"},{\"@type\":\"ListItem\",\"position\":2,\"name\":\"Contact\"}]},{\"@type\":\"WebSite\",\"@id\":\"https:\\\/\\\/kreyo-culture.com\\\/#website\",\"url\":\"https:\\\/\\\/kreyo-culture.com\\\/\",\"name\":\"Kreyo-culture\",\"description\":\"La r\u00e9f\u00e9rence de la culture cr\u00e9ole d&#039;Ha\u00efti\",\"publisher\":{\"@id\":\"https:\\\/\\\/kreyo-culture.com\\\/#organization\"},\"potentialAction\":[{\"@type\":\"SearchAction\",\"target\":{\"@type\":\"EntryPoint\",\"urlTemplate\":\"https:\\\/\\\/kreyo-culture.com\\\/?s={search_term_string}\"},\"query-input\":{\"@type\":\"PropertyValueSpecification\",\"valueRequired\":true,\"valueName\":\"search_term_string\"}}],\"inLanguage\":\"fr-FR\"},{\"@type\":\"Organization\",\"@id\":\"https:\\\/\\\/kreyo-culture.com\\\/#organization\",\"name\":\"Kreyo-culture\",\"url\":\"https:\\\/\\\/kreyo-culture.com\\\/\",\"logo\":{\"@type\":\"ImageObject\",\"inLanguage\":\"fr-FR\",\"@id\":\"https:\\\/\\\/kreyo-culture.com\\\/#\\\/schema\\\/logo\\\/image\\\/\",\"url\":\"https:\\\/\\\/kreyo-culture.com\\\/wp-content\\\/uploads\\\/2022\\\/02\\\/Kreyo-Culture-Logo-Valide-1.png\",\"contentUrl\":\"https:\\\/\\\/kreyo-culture.com\\\/wp-content\\\/uploads\\\/2022\\\/02\\\/Kreyo-Culture-Logo-Valide-1.png\",\"width\":692,\"height\":692,\"caption\":\"Kreyo-culture\"},\"image\":{\"@id\":\"https:\\\/\\\/kreyo-culture.com\\\/#\\\/schema\\\/logo\\\/image\\\/\"},\"sameAs\":[\"https:\\\/\\\/ms-my.facebook.com\\\/watch\\\/Kreyoculture\\\/\",\"https:\\\/\\\/www.instagram.com\\\/kreyoculture.fr\\\/\"]}]}<\/script>\n<!-- \/ Yoast SEO plugin. -->","yoast_head_json":{"title":"Contact - Kreyo-culture","robots":{"index":"index","follow":"follow","max-snippet":"max-snippet:-1","max-image-preview":"max-image-preview:large","max-video-preview":"max-video-preview:-1"},"canonical":"https:\/\/kreyo-culture.com\/?page_id=250","og_locale":"fr_FR","og_type":"article","og_title":"Contact - Kreyo-culture","og_description":"This is the WPForms preview page. All your form previews will be handled on this page. The page is set to private, so it is not publicly accessible. Please do not delete this page \ud83d\ude42 .","og_url":"https:\/\/kreyo-culture.com\/?page_id=250","og_site_name":"Kreyo-culture","article_publisher":"https:\/\/ms-my.facebook.com\/watch\/Kreyoculture\/","article_modified_time":"2022-02-08T09:51:16+00:00","twitter_card":"summary_large_image","schema":{"@context":"https:\/\/schema.org","@graph":[{"@type":"WebPage","@id":"https:\/\/kreyo-culture.com\/?page_id=250","url":"https:\/\/kreyo-culture.com\/?page_id=250","name":"Contact - Kreyo-culture","isPartOf":{"@id":"https:\/\/kreyo-culture.com\/#website"},"datePublished":"2018-09-05T17:25:25+00:00","dateModified":"2022-02-08T09:51:16+00:00","breadcrumb":{"@id":"https:\/\/kreyo-culture.com\/?page_id=250#breadcrumb"},"inLanguage":"fr-FR","potentialAction":[{"@type":"ReadAction","target":["https:\/\/kreyo-culture.com\/?page_id=250"]}]},{"@type":"BreadcrumbList","@id":"https:\/\/kreyo-culture.com\/?page_id=250#breadcrumb","itemListElement":[{"@type":"ListItem","position":1,"name":"Accueil","item":"https:\/\/kreyo-culture.com\/"},{"@type":"ListItem","position":2,"name":"Contact"}]},{"@type":"WebSite","@id":"https:\/\/kreyo-culture.com\/#website","url":"https:\/\/kreyo-culture.com\/","name":"Kreyo-culture","description":"La r\u00e9f\u00e9rence de la culture cr\u00e9ole d&#039;Ha\u00efti","publisher":{"@id":"https:\/\/kreyo-culture.com\/#organization"},"potentialAction":[{"@type":"SearchAction","target":{"@type":"EntryPoint","urlTemplate":"https:\/\/kreyo-culture.com\/?s={search_term_string}"},"query-input":{"@type":"PropertyValueSpecification","valueRequired":true,"valueName":"search_term_string"}}],"inLanguage":"fr-FR"},{"@type":"Organization","@id":"https:\/\/kreyo-culture.com\/#organization","name":"Kreyo-culture","url":"https:\/\/kreyo-culture.com\/","logo":{"@type":"ImageObject","inLanguage":"fr-FR","@id":"https:\/\/kreyo-culture.com\/#\/schema\/logo\/image\/","url":"https:\/\/kreyo-culture.com\/wp-content\/uploads\/2022\/02\/Kreyo-Culture-Logo-Valide-1.png","contentUrl":"https:\/\/kreyo-culture.com\/wp-content\/uploads\/2022\/02\/Kreyo-Culture-Logo-Valide-1.png","width":692,"height":692,"caption":"Kreyo-culture"},"image":{"@id":"https:\/\/kreyo-culture.com\/#\/schema\/logo\/image\/"},"sameAs":["https:\/\/ms-my.facebook.com\/watch\/Kreyoculture\/","https:\/\/www.instagram.com\/kreyoculture.fr\/"]}]}},"_links":{"self":[{"href":"https:\/\/kreyo-culture.com\/index.php?rest_route=\/wp\/v2\/pages\/250","targetHints":{"allow":["GET"]}}],"collection":[{"href":"https:\/\/kreyo-culture.com\/index.php?rest_route=\/wp\/v2\/pages"}],"about":[{"href":"https:\/\/kreyo-culture.com\/index.php?rest_route=\/wp\/v2\/types\/page"}],"author":[{"embeddable":true,"href":"https:\/\/kreyo-culture.com\/index.php?rest_route=\/wp\/v2\/users\/1"}],"replies":[{"embeddable":true,"href":"https:\/\/kreyo-culture.com\/index.php?rest_route=%2Fwp%2Fv2%2Fcomments&post=250"}],"version-history":[{"count":3,"href":"https:\/\/kreyo-culture.com\/index.php?rest_route=\/wp\/v2\/pages\/250\/revisions"}],"predecessor-version":[{"id":272,"href":"https:\/\/kreyo-culture.com\/index.php?rest_route=\/wp\/v2\/pages\/250\/revisions\/272"}],"wp:attachment":[{"href":"https:\/\/kreyo-culture.com\/index.php?rest_route=%2Fwp%2Fv2%2Fmedia&parent=250"}],"curies":[{"name":"wp","href":"https:\/\/api.w.org\/{rel}","templated":true}]}}